{"id":127,"date":"2021-01-16T17:44:12","date_gmt":"2021-01-16T16:44:12","guid":{"rendered":"http:\/\/www.castelloconti.it\/?page_id=127"},"modified":"2024-12-12T19:13:42","modified_gmt":"2024-12-12T18:13:42","slug":"colline-novaresi-doc-spanna","status":"publish","type":"page","link":"https:\/\/www.castelloconti.it\/en\/colline-novaresi-doc-spanna\/","title":{"rendered":"Colline Novaresi doc Spanna"},"content":{"rendered":"<p class=\"translation-block\"><strong> Colline Novaresi doc Nebbiolo <\/strong> is a wine made only from Nebbiolo grapes. <br>\nBorn to be drunk in its youth, although it can, by its nature, boast good aging, it is a wine \u201celegant and transparent to the eye\u2026 intriguing for an always vibrant, acidulous, mineral, rocky tension; it is a fresh wine with a crunchy fruit ... that remains inside you when the bottle is finished, when you have those sensations of withered flowers, ancient perfumes, the image of the grandparents' house and the factor that burns the branches. <br>\nFamiliar sensations that force you to attract the attention of the host to ask for another bottle. It is a wine that, to use a term in vogue today, I would define \"vintage\", set between the fresh jovial vitality and references to a time that was .. \"taken from Simone Ferro @Simo diVino<\/p>\n<p><img loading=\"lazy\" decoding=\"async\" class=\"alignnone size-medium wp-image-129 aligncenter\" src=\"http:\/\/www.castelloconti.it\/wp-content\/uploads\/2021\/01\/colline-300x199.jpg\" alt=\"\" width=\"300\" height=\"199\" srcset=\"https:\/\/www.castelloconti.it\/wp-content\/uploads\/2021\/01\/colline-300x199.jpg 300w, https:\/\/www.castelloconti.it\/wp-content\/uploads\/2021\/01\/colline-16x12.jpg 16w, https:\/\/www.castelloconti.it\/wp-content\/uploads\/2021\/01\/colline.jpg 640w\" sizes=\"auto, (max-width: 300px) 100vw, 300px\" \/><\/p>\n<p class=\"translation-block\"><strong> Grape variety: <\/strong> Nebbiolo <br>\n<strong> Yeasts: <\/strong> autochthonous <br>\n<strong> Vinification: <br>\nHarvest <\/strong> between late September and early October. <strong><br> Fermentation and maceration <\/strong> on the skins for about two weeks with one pumping over per day. <strong> <br>Bottling <\/strong> takes place in the year following the harvest. <br>\n<strong> Label <\/strong> by the artist Oreste Sabadin<\/p>\n<p>Spanna doc \u00e8 acquistabile anche su: <a href=\"https:\/\/www.castelloconti.com\/articolo\/colline-novaresi-doc-spanna\/\" target=\"_blank\" rel=\"noopener\">La Bottega del Castello<\/a><\/p>\n<p>&nbsp;<\/p>\n<p>&nbsp;<\/p>","protected":false},"excerpt":{"rendered":"<p>Il Colline Novaresi doc Nebbiolo \u00e8 un vino ottenuto da sole uve nebbiolo. Nato per essere bevuto in giovent\u00f9, sebbene possa, per sua natura, vantare un buon invecchiamento, \u00e8 un&hellip; <a class=\"more-link\" href=\"https:\/\/www.castelloconti.it\/en\/colline-novaresi-doc-spanna\/\">Continue reading <span class=\"screen-reader-text\">Colline Novaresi doc Spanna<\/span><\/a><\/p>","protected":false},"author":2,"featured_media":0,"parent":0,"menu_order":0,"comment_status":"closed","ping_status":"closed","template":"","meta":{"footnotes":""},"class_list":["post-127","page","type-page","status-publish","hentry","entry"],"_links":{"self":[{"href":"https:\/\/www.castelloconti.it\/en\/wp-json\/wp\/v2\/pages\/127","targetHints":{"allow":["GET"]}}],"collection":[{"href":"https:\/\/www.castelloconti.it\/en\/wp-json\/wp\/v2\/pages"}],"about":[{"href":"https:\/\/www.castelloconti.it\/en\/wp-json\/wp\/v2\/types\/page"}],"author":[{"embeddable":true,"href":"https:\/\/www.castelloconti.it\/en\/wp-json\/wp\/v2\/users\/2"}],"replies":[{"embeddable":true,"href":"https:\/\/www.castelloconti.it\/en\/wp-json\/wp\/v2\/comments?post=127"}],"version-history":[{"count":14,"href":"https:\/\/www.castelloconti.it\/en\/wp-json\/wp\/v2\/pages\/127\/revisions"}],"predecessor-version":[{"id":1088,"href":"https:\/\/www.castelloconti.it\/en\/wp-json\/wp\/v2\/pages\/127\/revisions\/1088"}],"wp:attachment":[{"href":"https:\/\/www.castelloconti.it\/en\/wp-json\/wp\/v2\/media?parent=127"}],"curies":[{"name":"wp","href":"https:\/\/api.w.org\/{rel}","templated":true}]}}