{"id":759,"date":"2023-05-09T16:57:10","date_gmt":"2023-05-09T14:57:10","guid":{"rendered":"https:\/\/www.castelloconti.it\/?page_id=759"},"modified":"2023-05-25T21:31:16","modified_gmt":"2023-05-25T19:31:16","slug":"ricordando-mauro-maulini","status":"publish","type":"page","link":"https:\/\/www.castelloconti.it\/en\/ricordando-mauro-maulini\/","title":{"rendered":"Ricordando Mauro Maulini"},"content":{"rendered":"<p>Visita alla mostra permanente delle opere del Maestro Mauro Maulini, presenti al Castello Conti.<\/p>\n<p><img loading=\"lazy\" decoding=\"async\" class=\"wp-image-757 aligncenter\" src=\"http:\/\/www.castelloconti.it\/wp-content\/uploads\/2023\/05\/MAUm.jpg\" alt=\"\" width=\"413\" height=\"276\" \/><\/p>\n<p>&#8220;Io non lavoro Sogno!&#8221; Cos\u00ec amava ripeterci Mauro Maulini parlando della sua lunga passione artistica.<br \/>\nUno sguardo onirico, ma con i piedi ben saldi a terra, in un divertissement della fantasia che ancor oggi ci coinvolge.<br \/>\nPaul Klee diceva che &#8220;la vera arte non riproduce ci\u00f2 che \u00e8 visibile, ma rende visibile ci\u00f2 che non sempre lo \u00e8&#8221;. Il vero artista, attraverso la sua opera, sopravvive alla finitezza della propria vita, restituendo nell&#8217;assenza la sua pi\u00f9 acuta presenza.<\/p>\n<p>E&#8217; sufficiente guardarci intorno, attraverso le tracce lasciate in Cantina: sculture, disegni, dipinti, collage, etichette&#8230; testimonianze cromatiche dei tanti eventi organizzati con il Maestro Maulini nel tempo, per ritrovare la nitidezza del suo tratto, l&#8217;incanto e la giocosit\u00e0, la leggerezza e il lirismo emotivo, la poesia e l&#8217;eleganza di un&#8217;opera d&#8217;arte vissuta come continua ricerca, in una fusione di forme sorprendenti.<br \/>\n<span style=\"background-color: var(--global--color-background); color: var(--global--color-primary); font-family: var(--global--font-secondary); font-size: var(--global--font-size-base);\">Arte palpitante di luci e ombre in equilibrio, come contrasti vibranti d&#8217;itinerari visionari, finestre della memoria aperte sul silenzio misterioso della vita, trasformato alchemicamente in musica.<\/span><\/p>\n<p><img loading=\"lazy\" decoding=\"async\" class=\"size-full wp-image-760 aligncenter\" src=\"http:\/\/www.castelloconti.it\/wp-content\/uploads\/2023\/05\/MAUa-1.jpg\" alt=\"\" width=\"405\" height=\"311\" \/><\/p>\n<p><strong>Mauro Maulini<\/strong> \u00e8 stato pittore, grafico, scenografo, progettista\u00a0 e costruttore di marionette. Nato a Pettenasco, in riva al lago d\u2019Orta nel 1927, ha studiato figura a Milano all\u2019Accademia di Belle Arti di Brera. La sua prima personale risale al 1973, successivamente ha esposto in Italia e all\u2019estero con circa cento mostre personali e sue incisioni sono nei maggiori cataloghi nazionali di grafica di Bolaffi e Mondadori. Dal 1972 si \u00e8 dedicato alla grafica d&#8217;arte, ha inciso all&#8217;acquaforte circa duecento lastre e ha pubblicato numerose cartelle di grafica, alcune ispirate a poeti come Montale, Giudici e Sinigallia.<br \/>\nHa collaborato con la televisione svizzera Italiana e con il celebre Teatro Gianni e Cosetta Colla, per il quale ha realizzato sculture, scene e maschere per il <em>Segreto del bosco vecchio<\/em> di Dino Buzzati e per<em> Il Gelsomino nel paese dei bugiardi<\/em> di Gianni Rodari, scrittore la quale ha dedicato mostre e illustrazioni.<br \/>\nAlla vigilia della scomparsa avvenuta nell\u2019estate del 2012, Interlinea ha pubblicato il suo testamento artistico, il volume Sculture dipinte, dedicato all\u2019ambone dell\u2019isola di San Giulio con testi della badessa madre Anna Maria C\u00e0nopi, di Carlo Carena e della scrittrice Laura Pariani.<\/p>\n<p><a href=\"https:\/\/www.castelloconti.it\/en\/60esimo\/\" target=\"_blank\" rel=\"noopener\">BACK TO THE PROGRAM<\/a><\/p>","protected":false},"excerpt":{"rendered":"<p>Visita alla mostra permanente delle opere del Maestro Mauro Maulini, presenti al Castello Conti. &#8220;Io non lavoro Sogno!&#8221; Cos\u00ec amava ripeterci Mauro Maulini parlando della sua lunga passione artistica. Uno&hellip; <a class=\"more-link\" href=\"https:\/\/www.castelloconti.it\/en\/ricordando-mauro-maulini\/\">Continue reading <span class=\"screen-reader-text\">Ricordando Mauro Maulini<\/span><\/a><\/p>","protected":false},"author":2,"featured_media":0,"parent":0,"menu_order":0,"comment_status":"closed","ping_status":"closed","template":"","meta":{"footnotes":""},"class_list":["post-759","page","type-page","status-publish","hentry","entry"],"_links":{"self":[{"href":"https:\/\/www.castelloconti.it\/en\/wp-json\/wp\/v2\/pages\/759","targetHints":{"allow":["GET"]}}],"collection":[{"href":"https:\/\/www.castelloconti.it\/en\/wp-json\/wp\/v2\/pages"}],"about":[{"href":"https:\/\/www.castelloconti.it\/en\/wp-json\/wp\/v2\/types\/page"}],"author":[{"embeddable":true,"href":"https:\/\/www.castelloconti.it\/en\/wp-json\/wp\/v2\/users\/2"}],"replies":[{"embeddable":true,"href":"https:\/\/www.castelloconti.it\/en\/wp-json\/wp\/v2\/comments?post=759"}],"version-history":[{"count":12,"href":"https:\/\/www.castelloconti.it\/en\/wp-json\/wp\/v2\/pages\/759\/revisions"}],"predecessor-version":[{"id":945,"href":"https:\/\/www.castelloconti.it\/en\/wp-json\/wp\/v2\/pages\/759\/revisions\/945"}],"wp:attachment":[{"href":"https:\/\/www.castelloconti.it\/en\/wp-json\/wp\/v2\/media?parent=759"}],"curies":[{"name":"wp","href":"https:\/\/api.w.org\/{rel}","templated":true}]}}